{"id":21,"date":"2026-02-10T18:19:43","date_gmt":"2026-02-10T18:19:43","guid":{"rendered":"https:\/\/lappi.lasikeskus.fi\/?page_id=21"},"modified":"2026-02-26T15:19:28","modified_gmt":"2026-02-26T15:19:28","slug":"yhteystiedot","status":"publish","type":"page","link":"https:\/\/lappi.lasikeskus.fi\/index.php\/yhteystiedot\/","title":{"rendered":"Yhteystiedot"},"content":{"rendered":"\n<p>Tarjoamme ideoita erilaisiin, lasitettuihin tiloihin ja annamme hyvi\u00e4 vinkkej\u00e4 terassi- ja parvekesisustamiseen.&nbsp;Kun Sinulla on toive tai unelma lasitetusta tilasta, niin ota yhteytt\u00e4 meihin, me toteutamme sen.<\/p>\n\n\n\n<p><strong>Voit my\u00f6s olla yhteydess\u00e4 myyntiimme puhelimitse:<\/strong><\/p>\n\n\n\n<p>&nbsp;Matias: 044 244 5927<\/p>\n\n\n\n<p>Jussi: 044 244 2553<\/p>\n\n\n\n<p>Vastaamme puheluihin ma \u2013 la klo. 8.00 \u2013 20.00<\/p>\n\n\n\n<p>S\u00e4hk\u00f6postiosoite:<br>myynti@lasikeskus.fi<\/p>\n\n\n<style id=\"wpforms-css-vars-34-block-9cbab1f6-5618-483b-8bd3-8f0cf6976cf8\">\n\t\t\t\t#wpforms-34.wpforms-block-9cbab1f6-5618-483b-8bd3-8f0cf6976cf8 {\n\t\t\t\t--wpforms-field-background-color: #FFFFFF;\n--wpforms-button-background-color: #cf2e2e;\n--wpforms-field-size-input-height: 43px;\n--wpforms-field-size-input-spacing: 15px;\n--wpforms-field-size-font-size: 16px;\n--wpforms-field-size-line-height: 19px;\n--wpforms-field-size-padding-h: 14px;\n--wpforms-field-size-checkbox-size: 16px;\n--wpforms-field-size-sublabel-spacing: 5px;\n--wpforms-field-size-icon-size: 1;\n--wpforms-label-size-font-size: 16px;\n--wpforms-label-size-line-height: 19px;\n--wpforms-label-size-sublabel-font-size: 14px;\n--wpforms-label-size-sublabel-line-height: 17px;\n--wpforms-button-size-font-size: 17px;\n--wpforms-button-size-height: 41px;\n--wpforms-button-size-padding-h: 15px;\n--wpforms-button-size-margin-top: 10px;\n\t\t\t}\n\t\t\t<\/style><div class=\"wpforms-container wpforms-container-full wpforms-block wpforms-block-9cbab1f6-5618-483b-8bd3-8f0cf6976cf8 wpforms-render-modern\" id=\"wpforms-34\"><form id=\"wpforms-form-34\" class=\"wpforms-validate wpforms-form wpforms-ajax-form\" data-formid=\"34\" method=\"post\" enctype=\"multipart\/form-data\" action=\"\/index.php\/wp-json\/wp\/v2\/pages\/21\" data-token=\"043fd67a69f07d948cc966682e182583\" data-token-time=\"1775432024\"><noscript class=\"wpforms-error-noscript\">Please enable JavaScript in your browser to complete this form.<\/noscript><div id=\"wpforms-error-noscript\" style=\"display: none;\">Please enable JavaScript in your browser to complete this form.<\/div><div class=\"wpforms-field-container\"><div id=\"wpforms-34-field_1-container\" class=\"wpforms-field wpforms-field-name\" data-field-id=\"1\"><label class=\"wpforms-field-label\" for=\"wpforms-34-field_1\">Nimi <span class=\"wpforms-required-label\" aria-hidden=\"true\">*<\/span><\/label><input type=\"text\" id=\"wpforms-34-field_1\" class=\"wpforms-field-medium wpforms-field-required\" name=\"wpforms[fields][1]\" aria-errormessage=\"wpforms-34-field_1-error\" required><\/div><div id=\"wpforms-34-field_2-container\" class=\"wpforms-field wpforms-field-email\" data-field-id=\"2\"><label class=\"wpforms-field-label\" for=\"wpforms-34-field_2\">S\u00e4hk\u00f6posti <span class=\"wpforms-required-label\" aria-hidden=\"true\">*<\/span><\/label><input type=\"email\" id=\"wpforms-34-field_2\" class=\"wpforms-field-medium wpforms-field-required\" name=\"wpforms[fields][2]\" spellcheck=\"false\" aria-errormessage=\"wpforms-34-field_2-error\" required><\/div>\t\t<div id=\"wpforms-34-field_5-container\"\n\t\t\tclass=\"wpforms-field wpforms-field-text\"\n\t\t\tdata-field-type=\"text\"\n\t\t\tdata-field-id=\"5\"\n\t\t\t>\n\t\t\t<label class=\"wpforms-field-label\" for=\"wpforms-34-field_5\" >Puhelinnumero Viestisi Nimi<\/label>\n\t\t\t<input type=\"text\" id=\"wpforms-34-field_5\" class=\"wpforms-field-medium\" name=\"wpforms[fields][5]\" >\n\t\t<\/div>\n\t\t<div id=\"wpforms-34-field_4-container\" class=\"wpforms-field wpforms-field-number\" data-field-id=\"4\"><label class=\"wpforms-field-label\" for=\"wpforms-34-field_4\">Puhelinnumero<\/label><input type=\"number\" id=\"wpforms-34-field_4\" class=\"wpforms-field-medium\" name=\"wpforms[fields][4]\" step=\"any\" aria-errormessage=\"wpforms-34-field_4-error\" ><\/div><div id=\"wpforms-34-field_3-container\" class=\"wpforms-field wpforms-field-textarea\" data-field-id=\"3\"><label class=\"wpforms-field-label\" for=\"wpforms-34-field_3\">Viestisi<\/label><textarea id=\"wpforms-34-field_3\" class=\"wpforms-field-medium\" name=\"wpforms[fields][3]\" aria-errormessage=\"wpforms-34-field_3-error\" ><\/textarea><\/div><script>\n\t\t\t\t( function() {\n\t\t\t\t\tconst style = document.createElement( 'style' );\n\t\t\t\t\tstyle.appendChild( document.createTextNode( '#wpforms-34-field_5-container { position: absolute !important; overflow: hidden !important; display: inline !important; height: 1px !important; width: 1px !important; z-index: -1000 !important; padding: 0 !important; } #wpforms-34-field_5-container input { visibility: hidden; } #wpforms-conversational-form-page #wpforms-34-field_5-container label { counter-increment: none; }' ) );\n\t\t\t\t\tdocument.head.appendChild( style );\n\t\t\t\t\tdocument.currentScript?.remove();\n\t\t\t\t} )();\n\t\t\t<\/script><\/div><!-- .wpforms-field-container --><div class=\"wpforms-submit-container\" ><input type=\"hidden\" name=\"wpforms[id]\" value=\"34\"><input type=\"hidden\" name=\"page_title\" value=\"\"><input type=\"hidden\" name=\"page_url\" value=\"https:\/\/lappi.lasikeskus.fi\/index.php\/wp-json\/wp\/v2\/pages\/21\"><input type=\"hidden\" name=\"url_referer\" value=\"\"><button type=\"submit\" name=\"wpforms[submit]\" id=\"wpforms-submit-34\" class=\"wpforms-submit\" data-alt-text=\"L\u00e4hetetty\" data-submit-text=\"L\u00e4het\u00e4\" aria-live=\"assertive\" value=\"wpforms-submit\">L\u00e4het\u00e4<\/button><img loading=\"lazy\" decoding=\"async\" src=\"https:\/\/lappi.lasikeskus.fi\/wp-content\/plugins\/wpforms-lite\/assets\/images\/submit-spin.svg\" class=\"wpforms-submit-spinner\" style=\"display: none;\" width=\"26\" height=\"26\" alt=\"Loading\"><\/div><\/form><\/div>  <!-- .wpforms-container -->\n\n\n<p><\/p>\n","protected":false},"excerpt":{"rendered":"<p>Tarjoamme ideoita erilaisiin, lasitettuihin tiloihin ja annamme hyvi\u00e4 vinkkej\u00e4 terassi- ja parvekesisustamiseen.&nbsp;Kun Sinulla on toive tai unelma lasitetusta tilasta, niin ota yhteytt\u00e4 meihin, me toteutamme sen. Voit my\u00f6s olla yhteydess\u00e4 myyntiimme puhelimitse: &nbsp;Matias: 044 244 5927 Jussi: 044 244 2553 Vastaamme puheluihin ma \u2013 la klo. 8.00 \u2013 20.00 S\u00e4hk\u00f6postiosoite:myynti@lasikeskus.fi<\/p>\n","protected":false},"author":1,"featured_media":0,"parent":0,"menu_order":0,"comment_status":"closed","ping_status":"closed","template":"","meta":{"iawp_total_views":9,"footnotes":""},"class_list":["post-21","page","type-page","status-publish","hentry"],"aioseo_notices":[],"_links":{"self":[{"href":"https:\/\/lappi.lasikeskus.fi\/index.php\/wp-json\/wp\/v2\/pages\/21","targetHints":{"allow":["GET"]}}],"collection":[{"href":"https:\/\/lappi.lasikeskus.fi\/index.php\/wp-json\/wp\/v2\/pages"}],"about":[{"href":"https:\/\/lappi.lasikeskus.fi\/index.php\/wp-json\/wp\/v2\/types\/page"}],"author":[{"embeddable":true,"href":"https:\/\/lappi.lasikeskus.fi\/index.php\/wp-json\/wp\/v2\/users\/1"}],"replies":[{"embeddable":true,"href":"https:\/\/lappi.lasikeskus.fi\/index.php\/wp-json\/wp\/v2\/comments?post=21"}],"version-history":[{"count":6,"href":"https:\/\/lappi.lasikeskus.fi\/index.php\/wp-json\/wp\/v2\/pages\/21\/revisions"}],"predecessor-version":[{"id":123,"href":"https:\/\/lappi.lasikeskus.fi\/index.php\/wp-json\/wp\/v2\/pages\/21\/revisions\/123"}],"wp:attachment":[{"href":"https:\/\/lappi.lasikeskus.fi\/index.php\/wp-json\/wp\/v2\/media?parent=21"}],"curies":[{"name":"wp","href":"https:\/\/api.w.org\/{rel}","templated":true}]}}